{"id":42,"date":"2021-03-22T09:58:33","date_gmt":"2021-03-22T13:58:33","guid":{"rendered":"https:\/\/assessments.wfh.org\/index.php\/avis-de-cotisation\/"},"modified":"2025-02-28T14:43:44","modified_gmt":"2025-02-28T19:43:44","slug":"avis-de-cotisation","status":"publish","type":"page","link":"https:\/\/membership.wfh.org\/fr\/","title":{"rendered":"Adh\u00e9sion des membres"},"content":{"rendered":"\t\t<div data-elementor-type=\"wp-page\" data-elementor-id=\"42\" class=\"elementor elementor-42 elementor-15\" data-elementor-post-type=\"page\">\n\t\t\t\t\t\t<section class=\"elementor-section elementor-top-section elementor-element elementor-element-e5ff414 elementor-section-boxed elementor-section-height-default elementor-section-height-default\" data-id=\"e5ff414\" data-element_type=\"section\" data-e-type=\"section\" data-settings=\"{&quot;background_background&quot;:&quot;classic&quot;}\">\n\t\t\t\t\t\t<div class=\"elementor-container elementor-column-gap-default\">\n\t\t\t\t\t<div class=\"elementor-column elementor-col-100 elementor-top-column elementor-element elementor-element-eabcd24\" data-id=\"eabcd24\" data-element_type=\"column\" data-e-type=\"column\">\n\t\t\t<div class=\"elementor-widget-wrap elementor-element-populated\">\n\t\t\t\t\t\t<section class=\"elementor-section elementor-inner-section elementor-element elementor-element-2cdac0b elementor-section-boxed elementor-section-height-default elementor-section-height-default\" data-id=\"2cdac0b\" data-element_type=\"section\" data-e-type=\"section\">\n\t\t\t\t\t\t<div class=\"elementor-container elementor-column-gap-default\">\n\t\t\t\t\t<div class=\"elementor-column elementor-col-50 elementor-inner-column elementor-element elementor-element-8f91b30\" data-id=\"8f91b30\" data-element_type=\"column\" data-e-type=\"column\" data-settings=\"{&quot;background_background&quot;:&quot;classic&quot;}\">\n\t\t\t<div class=\"elementor-widget-wrap elementor-element-populated\">\n\t\t\t\t\t\t<div class=\"elementor-element elementor-element-18e01b0 elementor-widget elementor-widget-image\" data-id=\"18e01b0\" data-element_type=\"widget\" data-e-type=\"widget\" data-widget_type=\"image.default\">\n\t\t\t\t<div class=\"elementor-widget-container\">\n\t\t\t\t\t\t\t\t\t\t\t\t\t\t\t<img fetchpriority=\"high\" decoding=\"async\" width=\"1920\" height=\"350\" src=\"https:\/\/membership.wfh.org\/wp-content\/uploads\/2021\/12\/membership-1920x350-FR.png\" class=\"attachment-full size-full wp-image-1857\" alt=\"\" srcset=\"https:\/\/membership.wfh.org\/wp-content\/uploads\/2021\/12\/membership-1920x350-FR.png 1920w, https:\/\/membership.wfh.org\/wp-content\/uploads\/2021\/12\/membership-1920x350-FR-300x55.png 300w, https:\/\/membership.wfh.org\/wp-content\/uploads\/2021\/12\/membership-1920x350-FR-1024x187.png 1024w, https:\/\/membership.wfh.org\/wp-content\/uploads\/2021\/12\/membership-1920x350-FR-768x140.png 768w, https:\/\/membership.wfh.org\/wp-content\/uploads\/2021\/12\/membership-1920x350-FR-1536x280.png 1536w\" sizes=\"(max-width: 1920px) 100vw, 1920px\" \/>\t\t\t\t\t\t\t\t\t\t\t\t\t\t\t<\/div>\n\t\t\t\t<\/div>\n\t\t\t\t<div class=\"elementor-element elementor-element-c16d413 elementor-widget elementor-widget-spacer\" data-id=\"c16d413\" data-element_type=\"widget\" data-e-type=\"widget\" data-widget_type=\"spacer.default\">\n\t\t\t\t<div class=\"elementor-widget-container\">\n\t\t\t\t\t\t\t<div class=\"elementor-spacer\">\n\t\t\t<div class=\"elementor-spacer-inner\"><\/div>\n\t\t<\/div>\n\t\t\t\t\t\t<\/div>\n\t\t\t\t<\/div>\n\t\t\t\t<div class=\"elementor-element elementor-element-4005275 elementor-widget elementor-widget-text-editor\" data-id=\"4005275\" data-element_type=\"widget\" data-e-type=\"widget\" data-widget_type=\"text-editor.default\">\n\t\t\t\t<div class=\"elementor-widget-container\">\n\t\t\t\t\t\t\t\t\t<p>L\u2019\u00e9crasante majorit\u00e9 des personnes atteintes d\u2019un trouble h\u00e9r\u00e9ditaire de la coagulation a encore du mal \u00e0 acc\u00e9der \u00e0 un diagnostic, un traitement et \u00e0 une offre de soins. Devenez membre de notre communaut\u00e9 et soutenez la d\u00e8s aujourd\u2019hui. En <a style=\"font-weight: bold!important; color: #e31837!important;\" href=\"https:\/\/membership.wfh.org\/fr\/adhesion-individuelle\/\">adh\u00e9rant \u00e0 la FMH <\/a> (150 USD par an), vous contribuez \u00e0 renforcer les capacit\u00e9s et les comp\u00e9tences dont nos ONM et les professionnels de sant\u00e9 ont besoin pour identifier, soutenir et traiter les personnes atteintes d\u2019un trouble de la coagulation dans le monde.<\/p>\t\t\t\t\t\t\t\t<\/div>\n\t\t\t\t<\/div>\n\t\t\t\t<div class=\"elementor-element elementor-element-03a6c00 elementor-widget elementor-widget-spacer\" data-id=\"03a6c00\" data-element_type=\"widget\" data-e-type=\"widget\" data-widget_type=\"spacer.default\">\n\t\t\t\t<div class=\"elementor-widget-container\">\n\t\t\t\t\t\t\t<div class=\"elementor-spacer\">\n\t\t\t<div class=\"elementor-spacer-inner\"><\/div>\n\t\t<\/div>\n\t\t\t\t\t\t<\/div>\n\t\t\t\t<\/div>\n\t\t\t\t<div class=\"elementor-element elementor-element-1c61b47 elementor-widget elementor-widget-spacer\" data-id=\"1c61b47\" data-element_type=\"widget\" data-e-type=\"widget\" data-widget_type=\"spacer.default\">\n\t\t\t\t<div class=\"elementor-widget-container\">\n\t\t\t\t\t\t\t<div class=\"elementor-spacer\">\n\t\t\t<div class=\"elementor-spacer-inner\"><\/div>\n\t\t<\/div>\n\t\t\t\t\t\t<\/div>\n\t\t\t\t<\/div>\n\t\t\t\t\t<\/div>\n\t\t<\/div>\n\t\t\t\t<div class=\"elementor-column elementor-col-50 elementor-inner-column elementor-element elementor-element-bb0f28d\" data-id=\"bb0f28d\" data-element_type=\"column\" data-e-type=\"column\">\n\t\t\t<div class=\"elementor-widget-wrap elementor-element-populated\">\n\t\t\t\t\t\t<div class=\"elementor-element elementor-element-5c2f06c elementor-align-justify elementor-widget elementor-widget-button\" data-id=\"5c2f06c\" data-element_type=\"widget\" data-e-type=\"widget\" data-widget_type=\"button.default\">\n\t\t\t\t<div class=\"elementor-widget-container\">\n\t\t\t\t\t\t\t\t\t<div class=\"elementor-button-wrapper\">\n\t\t\t\t\t<a class=\"elementor-button elementor-button-link elementor-size-sm\" href=\"https:\/\/membership.wfh.org\/fr\/adhesion-individuelle\/\">\n\t\t\t\t\t\t<span class=\"elementor-button-content-wrapper\">\n\t\t\t\t\t\t\t\t\t<span class=\"elementor-button-text\">Adh\u00e9sion<br>membre individuel<\/span>\n\t\t\t\t\t<\/span>\n\t\t\t\t\t<\/a>\n\t\t\t\t<\/div>\n\t\t\t\t\t\t\t\t<\/div>\n\t\t\t\t<\/div>\n\t\t\t\t<div class=\"elementor-element elementor-element-dae77aa elementor-align-justify elementor-widget elementor-widget-button\" data-id=\"dae77aa\" data-element_type=\"widget\" data-e-type=\"widget\" data-widget_type=\"button.default\">\n\t\t\t\t<div class=\"elementor-widget-container\">\n\t\t\t\t\t\t\t\t\t<div class=\"elementor-button-wrapper\">\n\t\t\t\t\t<a class=\"elementor-button elementor-button-link elementor-size-sm\" href=\"https:\/\/membership.wfh.org\/fr\/adhesion-de-groupe\/\">\n\t\t\t\t\t\t<span class=\"elementor-button-content-wrapper\">\n\t\t\t\t\t\t\t\t\t<span class=\"elementor-button-text\">Adh\u00e9sion<br>de groupe<\/span>\n\t\t\t\t\t<\/span>\n\t\t\t\t\t<\/a>\n\t\t\t\t<\/div>\n\t\t\t\t\t\t\t\t<\/div>\n\t\t\t\t<\/div>\n\t\t\t\t\t<\/div>\n\t\t<\/div>\n\t\t\t\t\t<\/div>\n\t\t<\/section>\n\t\t\t\t\t<\/div>\n\t\t<\/div>\n\t\t\t\t\t<\/div>\n\t\t<\/section>\n\t\t\t\t<\/div>\n\t\t","protected":false},"excerpt":{"rendered":"<p>L\u2019\u00e9crasante majorit\u00e9 des personnes atteintes d\u2019un trouble h\u00e9r\u00e9ditaire de la coagulation a encore du mal \u00e0 acc\u00e9der \u00e0 un diagnostic, un traitement et \u00e0 une offre de soins. Devenez membre de notre communaut\u00e9 et soutenez la d\u00e8s aujourd\u2019hui. En adh\u00e9rant \u00e0 la FMH (150 USD par an), vous contribuez \u00e0 renforcer les capacit\u00e9s et les [&hellip;]<\/p>\n","protected":false},"author":7,"featured_media":0,"parent":0,"menu_order":0,"comment_status":"closed","ping_status":"closed","template":"elementor_header_footer","meta":{"om_disable_all_campaigns":false,"_monsterinsights_skip_tracking":false,"_monsterinsights_sitenote_active":false,"_monsterinsights_sitenote_note":"","_monsterinsights_sitenote_category":0,"_uf_show_specific_survey":0,"_uf_disable_surveys":false,"footnotes":""},"class_list":["post-42","page","type-page","status-publish","hentry"],"aioseo_notices":[],"_links":{"self":[{"href":"https:\/\/membership.wfh.org\/fr\/wp-json\/wp\/v2\/pages\/42","targetHints":{"allow":["GET"]}}],"collection":[{"href":"https:\/\/membership.wfh.org\/fr\/wp-json\/wp\/v2\/pages"}],"about":[{"href":"https:\/\/membership.wfh.org\/fr\/wp-json\/wp\/v2\/types\/page"}],"author":[{"embeddable":true,"href":"https:\/\/membership.wfh.org\/fr\/wp-json\/wp\/v2\/users\/7"}],"replies":[{"embeddable":true,"href":"https:\/\/membership.wfh.org\/fr\/wp-json\/wp\/v2\/comments?post=42"}],"version-history":[{"count":58,"href":"https:\/\/membership.wfh.org\/fr\/wp-json\/wp\/v2\/pages\/42\/revisions"}],"predecessor-version":[{"id":2392,"href":"https:\/\/membership.wfh.org\/fr\/wp-json\/wp\/v2\/pages\/42\/revisions\/2392"}],"wp:attachment":[{"href":"https:\/\/membership.wfh.org\/fr\/wp-json\/wp\/v2\/media?parent=42"}],"curies":[{"name":"wp","href":"https:\/\/api.w.org\/{rel}","templated":true}]}}