{"id":43,"date":"2021-03-22T09:58:50","date_gmt":"2021-03-22T13:58:50","guid":{"rendered":"https:\/\/assessments.wfh.org\/index.php\/assessment\/"},"modified":"2025-02-28T14:43:12","modified_gmt":"2025-02-28T19:43:12","slug":"assessment","status":"publish","type":"page","link":"https:\/\/membership.wfh.org\/es\/","title":{"rendered":"Membres\u00eda"},"content":{"rendered":"\t\t<div data-elementor-type=\"wp-page\" data-elementor-id=\"43\" class=\"elementor elementor-43 elementor-15\" data-elementor-post-type=\"page\">\n\t\t\t\t\t\t<section class=\"elementor-section elementor-top-section elementor-element elementor-element-e5ff414 elementor-section-boxed elementor-section-height-default elementor-section-height-default\" data-id=\"e5ff414\" data-element_type=\"section\" data-e-type=\"section\" data-settings=\"{&quot;background_background&quot;:&quot;classic&quot;}\">\n\t\t\t\t\t\t<div class=\"elementor-container elementor-column-gap-default\">\n\t\t\t\t\t<div class=\"elementor-column elementor-col-100 elementor-top-column elementor-element elementor-element-eabcd24\" data-id=\"eabcd24\" data-element_type=\"column\" data-e-type=\"column\">\n\t\t\t<div class=\"elementor-widget-wrap elementor-element-populated\">\n\t\t\t\t\t\t<section class=\"elementor-section elementor-inner-section elementor-element elementor-element-2cdac0b elementor-section-boxed elementor-section-height-default elementor-section-height-default\" data-id=\"2cdac0b\" data-element_type=\"section\" data-e-type=\"section\">\n\t\t\t\t\t\t<div class=\"elementor-container elementor-column-gap-default\">\n\t\t\t\t\t<div class=\"elementor-column elementor-col-50 elementor-inner-column elementor-element elementor-element-8f91b30\" data-id=\"8f91b30\" data-element_type=\"column\" data-e-type=\"column\" data-settings=\"{&quot;background_background&quot;:&quot;classic&quot;}\">\n\t\t\t<div class=\"elementor-widget-wrap elementor-element-populated\">\n\t\t\t\t\t\t<div class=\"elementor-element elementor-element-18e01b0 elementor-widget elementor-widget-image\" data-id=\"18e01b0\" data-element_type=\"widget\" data-e-type=\"widget\" data-widget_type=\"image.default\">\n\t\t\t\t<div class=\"elementor-widget-container\">\n\t\t\t\t\t\t\t\t\t\t\t\t\t\t\t<img fetchpriority=\"high\" decoding=\"async\" width=\"1920\" height=\"350\" src=\"https:\/\/membership.wfh.org\/wp-content\/uploads\/2021\/12\/membership-1920x350-ES.png\" class=\"attachment-full size-full wp-image-1858\" alt=\"\" srcset=\"https:\/\/membership.wfh.org\/wp-content\/uploads\/2021\/12\/membership-1920x350-ES.png 1920w, https:\/\/membership.wfh.org\/wp-content\/uploads\/2021\/12\/membership-1920x350-ES-300x55.png 300w, https:\/\/membership.wfh.org\/wp-content\/uploads\/2021\/12\/membership-1920x350-ES-1024x187.png 1024w, https:\/\/membership.wfh.org\/wp-content\/uploads\/2021\/12\/membership-1920x350-ES-768x140.png 768w, https:\/\/membership.wfh.org\/wp-content\/uploads\/2021\/12\/membership-1920x350-ES-1536x280.png 1536w\" sizes=\"(max-width: 1920px) 100vw, 1920px\" \/>\t\t\t\t\t\t\t\t\t\t\t\t\t\t\t<\/div>\n\t\t\t\t<\/div>\n\t\t\t\t<div class=\"elementor-element elementor-element-c16d413 elementor-widget elementor-widget-spacer\" data-id=\"c16d413\" data-element_type=\"widget\" data-e-type=\"widget\" data-widget_type=\"spacer.default\">\n\t\t\t\t<div class=\"elementor-widget-container\">\n\t\t\t\t\t\t\t<div class=\"elementor-spacer\">\n\t\t\t<div class=\"elementor-spacer-inner\"><\/div>\n\t\t<\/div>\n\t\t\t\t\t\t<\/div>\n\t\t\t\t<\/div>\n\t\t\t\t<div class=\"elementor-element elementor-element-a11e10e elementor-widget elementor-widget-text-editor\" data-id=\"a11e10e\" data-element_type=\"widget\" data-e-type=\"widget\" data-widget_type=\"text-editor.default\">\n\t\t\t\t<div class=\"elementor-widget-container\">\n\t\t\t\t\t\t\t\t\t<p>La abrumadora mayor\u00eda de las personas con trastornos de la coagulaci\u00f3n hereditarios todav\u00eda lucha por tener acceso a diagn\u00f3stico, tratamiento y atenci\u00f3n. Convi\u00e9rtase en miembro y apoye a nuestra comunidad hoy. Al convertirse en <a style=\"font-weight: bold!important; color: #e31837!important;\" href=\"https:\/\/membership.wfh.org\/es\/membresia-individual\/\">miembro de la FMH<\/a> ($150 US anuales), usted contribuye a equipar y empoderar a nuestras ONM y a proveedores de atenci\u00f3n m\u00e9dica con los conocimientos y herramientas que necesitan a fin de identificar, apoyar y proporcionar tratamiento a personas con trastornos de la coagulaci\u00f3n de todo el mundo.<\/p>\t\t\t\t\t\t\t\t<\/div>\n\t\t\t\t<\/div>\n\t\t\t\t<div class=\"elementor-element elementor-element-620a6b0 elementor-widget elementor-widget-spacer\" data-id=\"620a6b0\" data-element_type=\"widget\" data-e-type=\"widget\" data-widget_type=\"spacer.default\">\n\t\t\t\t<div class=\"elementor-widget-container\">\n\t\t\t\t\t\t\t<div class=\"elementor-spacer\">\n\t\t\t<div class=\"elementor-spacer-inner\"><\/div>\n\t\t<\/div>\n\t\t\t\t\t\t<\/div>\n\t\t\t\t<\/div>\n\t\t\t\t<div class=\"elementor-element elementor-element-7f75723 elementor-widget elementor-widget-spacer\" data-id=\"7f75723\" data-element_type=\"widget\" data-e-type=\"widget\" data-widget_type=\"spacer.default\">\n\t\t\t\t<div class=\"elementor-widget-container\">\n\t\t\t\t\t\t\t<div class=\"elementor-spacer\">\n\t\t\t<div class=\"elementor-spacer-inner\"><\/div>\n\t\t<\/div>\n\t\t\t\t\t\t<\/div>\n\t\t\t\t<\/div>\n\t\t\t\t<div class=\"elementor-element elementor-element-f41bc56 elementor-widget elementor-widget-spacer\" data-id=\"f41bc56\" data-element_type=\"widget\" data-e-type=\"widget\" data-widget_type=\"spacer.default\">\n\t\t\t\t<div class=\"elementor-widget-container\">\n\t\t\t\t\t\t\t<div class=\"elementor-spacer\">\n\t\t\t<div class=\"elementor-spacer-inner\"><\/div>\n\t\t<\/div>\n\t\t\t\t\t\t<\/div>\n\t\t\t\t<\/div>\n\t\t\t\t\t<\/div>\n\t\t<\/div>\n\t\t\t\t<div class=\"elementor-column elementor-col-50 elementor-inner-column elementor-element elementor-element-bb0f28d\" data-id=\"bb0f28d\" data-element_type=\"column\" data-e-type=\"column\">\n\t\t\t<div class=\"elementor-widget-wrap elementor-element-populated\">\n\t\t\t\t\t\t<div class=\"elementor-element elementor-element-5c2f06c elementor-align-justify elementor-widget elementor-widget-button\" data-id=\"5c2f06c\" data-element_type=\"widget\" data-e-type=\"widget\" data-widget_type=\"button.default\">\n\t\t\t\t<div class=\"elementor-widget-container\">\n\t\t\t\t\t\t\t\t\t<div class=\"elementor-button-wrapper\">\n\t\t\t\t\t<a class=\"elementor-button elementor-button-link elementor-size-sm\" href=\"https:\/\/membership.wfh.org\/es\/membresia-individual\/\">\n\t\t\t\t\t\t<span class=\"elementor-button-content-wrapper\">\n\t\t\t\t\t\t\t\t\t<span class=\"elementor-button-text\">Membres\u00eda<br>individual<\/span>\n\t\t\t\t\t<\/span>\n\t\t\t\t\t<\/a>\n\t\t\t\t<\/div>\n\t\t\t\t\t\t\t\t<\/div>\n\t\t\t\t<\/div>\n\t\t\t\t<div class=\"elementor-element elementor-element-dae77aa elementor-align-justify elementor-widget elementor-widget-button\" data-id=\"dae77aa\" data-element_type=\"widget\" data-e-type=\"widget\" data-widget_type=\"button.default\">\n\t\t\t\t<div class=\"elementor-widget-container\">\n\t\t\t\t\t\t\t\t\t<div class=\"elementor-button-wrapper\">\n\t\t\t\t\t<a class=\"elementor-button elementor-button-link elementor-size-sm\" href=\"https:\/\/membership.wfh.org\/es\/group-membership\/\">\n\t\t\t\t\t\t<span class=\"elementor-button-content-wrapper\">\n\t\t\t\t\t\t\t\t\t<span class=\"elementor-button-text\">Membres\u00eda<br>grupal<\/span>\n\t\t\t\t\t<\/span>\n\t\t\t\t\t<\/a>\n\t\t\t\t<\/div>\n\t\t\t\t\t\t\t\t<\/div>\n\t\t\t\t<\/div>\n\t\t\t\t\t<\/div>\n\t\t<\/div>\n\t\t\t\t\t<\/div>\n\t\t<\/section>\n\t\t\t\t\t<\/div>\n\t\t<\/div>\n\t\t\t\t\t<\/div>\n\t\t<\/section>\n\t\t\t\t<\/div>\n\t\t","protected":false},"excerpt":{"rendered":"<p>La abrumadora mayor\u00eda de las personas con trastornos de la coagulaci\u00f3n hereditarios todav\u00eda lucha por tener acceso a diagn\u00f3stico, tratamiento y atenci\u00f3n. Convi\u00e9rtase en miembro y apoye a nuestra comunidad hoy. Al convertirse en miembro de la FMH ($150 US anuales), usted contribuye a equipar y empoderar a nuestras ONM y a proveedores de atenci\u00f3n [&hellip;]<\/p>\n","protected":false},"author":7,"featured_media":0,"parent":0,"menu_order":0,"comment_status":"closed","ping_status":"closed","template":"elementor_header_footer","meta":{"om_disable_all_campaigns":false,"_monsterinsights_skip_tracking":false,"_monsterinsights_sitenote_active":false,"_monsterinsights_sitenote_note":"","_monsterinsights_sitenote_category":0,"_uf_show_specific_survey":0,"_uf_disable_surveys":false,"footnotes":""},"class_list":["post-43","page","type-page","status-publish","hentry"],"aioseo_notices":[],"_links":{"self":[{"href":"https:\/\/membership.wfh.org\/es\/wp-json\/wp\/v2\/pages\/43","targetHints":{"allow":["GET"]}}],"collection":[{"href":"https:\/\/membership.wfh.org\/es\/wp-json\/wp\/v2\/pages"}],"about":[{"href":"https:\/\/membership.wfh.org\/es\/wp-json\/wp\/v2\/types\/page"}],"author":[{"embeddable":true,"href":"https:\/\/membership.wfh.org\/es\/wp-json\/wp\/v2\/users\/7"}],"replies":[{"embeddable":true,"href":"https:\/\/membership.wfh.org\/es\/wp-json\/wp\/v2\/comments?post=43"}],"version-history":[{"count":58,"href":"https:\/\/membership.wfh.org\/es\/wp-json\/wp\/v2\/pages\/43\/revisions"}],"predecessor-version":[{"id":2389,"href":"https:\/\/membership.wfh.org\/es\/wp-json\/wp\/v2\/pages\/43\/revisions\/2389"}],"wp:attachment":[{"href":"https:\/\/membership.wfh.org\/es\/wp-json\/wp\/v2\/media?parent=43"}],"curies":[{"name":"wp","href":"https:\/\/api.w.org\/{rel}","templated":true}]}}